{"id":107204,"date":"2026-03-18T16:59:33","date_gmt":"2026-03-18T15:59:33","guid":{"rendered":"https:\/\/digitalsignageweb.com\/agradecimento\/"},"modified":"2026-04-23T17:10:05","modified_gmt":"2026-04-23T15:10:05","slug":"agradecimento","status":"publish","type":"page","link":"https:\/\/digitalsignageweb.com\/pt-pt\/agradecimento\/","title":{"rendered":"Agradecimento"},"content":{"rendered":"\t\t<div data-elementor-type=\"wp-page\" data-elementor-id=\"107204\" class=\"elementor elementor-107204 elementor-106296\" data-elementor-post-type=\"page\">\n\t\t\t\t<div class=\"elementor-element elementor-element-3e0cfa1f e-flex e-con-boxed e-con e-parent\" data-id=\"3e0cfa1f\" data-element_type=\"container\" data-e-type=\"container\">\n\t\t\t\t\t<div class=\"e-con-inner\">\n\t\t\t\t<div class=\"elementor-element elementor-element-2b7a4ea4 elementor-widget elementor-widget-text-editor\" data-id=\"2b7a4ea4\" data-element_type=\"widget\" data-e-type=\"widget\" data-widget_type=\"text-editor.default\">\n\t\t\t\t<div class=\"elementor-widget-container\">\n\t\t\t\t\t\t\t\t\t\n<p> <\/p>\n\n<p> <\/p>\n\t\t\t\t\t\t\t\t<\/div>\n\t\t\t\t<\/div>\n\t\t\t\t\t<\/div>\n\t\t\t\t<\/div>\n\t\t<div class=\"elementor-element elementor-element-516f942 e-flex e-con-boxed e-con e-parent\" data-id=\"516f942\" data-element_type=\"container\" data-e-type=\"container\">\n\t\t\t\t\t<div class=\"e-con-inner\">\n\t\t\t\t<div class=\"elementor-element elementor-element-799e2f8 elementor-widget elementor-widget-spacer\" data-id=\"799e2f8\" data-element_type=\"widget\" data-e-type=\"widget\" data-widget_type=\"spacer.default\">\n\t\t\t\t<div class=\"elementor-widget-container\">\n\t\t\t\t\t\t\t<div class=\"elementor-spacer\">\n\t\t\t<div class=\"elementor-spacer-inner\"><\/div>\n\t\t<\/div>\n\t\t\t\t\t\t<\/div>\n\t\t\t\t<\/div>\n\t\t\t\t\t<\/div>\n\t\t\t\t<\/div>\n\t\t<div class=\"elementor-element elementor-element-27a1990 e-con-full e-flex e-con e-parent\" data-id=\"27a1990\" data-element_type=\"container\" data-e-type=\"container\" data-settings=\"{&quot;background_background&quot;:&quot;video&quot;,&quot;background_video_link&quot;:&quot;https:\\\/\\\/digitalsignageweb.com\\\/wp-content\\\/uploads\\\/2026\\\/03\\\/3129957-uhd_3840_2160_25fps.mp4&quot;,&quot;background_play_on_mobile&quot;:&quot;yes&quot;}\">\n\t\t<div class=\"elementor-background-video-container\">\n\t\t\t\t\t\t\t<video class=\"elementor-background-video-hosted\" role=\"presentation\" autoplay muted playsinline loop><\/video>\n\t\t\t\t\t<\/div><div class=\"elementor-element elementor-element-e3d9864 e-flex e-con-boxed e-con e-child\" data-id=\"e3d9864\" data-element_type=\"container\" data-e-type=\"container\">\n\t\t\t\t\t<div class=\"e-con-inner\">\n\t\t\t\t<div class=\"elementor-element elementor-element-e5d8277 elementor-widget elementor-widget-heading\" data-id=\"e5d8277\" data-element_type=\"widget\" data-e-type=\"widget\" data-widget_type=\"heading.default\">\n\t\t\t\t<div class=\"elementor-widget-container\">\n\t\t\t\t\t<h1 class=\"elementor-heading-title elementor-size-default\">\nObrigado pelo seu interesse na Recubik!<\/h1>\t\t\t\t<\/div>\n\t\t\t\t<\/div>\n\t\t\t\t<div class=\"elementor-element elementor-element-8b24d4d elementor-widget elementor-widget-heading\" data-id=\"8b24d4d\" data-element_type=\"widget\" data-e-type=\"widget\" data-widget_type=\"heading.default\">\n\t\t\t\t<div class=\"elementor-widget-container\">\n\t\t\t\t\t<h3 class=\"elementor-heading-title elementor-size-default\">Recebemos a sua solicita\u00e7\u00e3o com sucesso.<\/h3>\t\t\t\t<\/div>\n\t\t\t\t<\/div>\n\t\t\t\t<div class=\"elementor-element elementor-element-acd626a elementor-widget elementor-widget-spacer\" data-id=\"acd626a\" data-element_type=\"widget\" data-e-type=\"widget\" data-widget_type=\"spacer.default\">\n\t\t\t\t<div class=\"elementor-widget-container\">\n\t\t\t\t\t\t\t<div class=\"elementor-spacer\">\n\t\t\t<div class=\"elementor-spacer-inner\"><\/div>\n\t\t<\/div>\n\t\t\t\t\t\t<\/div>\n\t\t\t\t<\/div>\n\t\t<div class=\"elementor-element elementor-element-166b716 e-grid e-con-full e-con e-child\" data-id=\"166b716\" data-element_type=\"container\" data-e-type=\"container\">\n\t\t\t\t<div class=\"elementor-element elementor-element-244a29b elementor-widget elementor-widget-text-editor\" data-id=\"244a29b\" data-element_type=\"widget\" data-e-type=\"widget\" data-widget_type=\"text-editor.default\">\n\t\t\t\t<div class=\"elementor-widget-container\">\n\t\t\t\t\t\t\t\t\t<h4>Em breve, um dos nossos especialistas entrar\u00e1 em contacto consigo para lhe mostrar tudo o que a Recubik pode fazer pelo seu neg\u00f3cio.<\/h4>\t\t\t\t\t\t\t\t<\/div>\n\t\t\t\t<\/div>\n\t\t\t\t<div class=\"elementor-element elementor-element-18925c3 elementor-widget elementor-widget-spacer\" data-id=\"18925c3\" data-element_type=\"widget\" data-e-type=\"widget\" data-widget_type=\"spacer.default\">\n\t\t\t\t<div class=\"elementor-widget-container\">\n\t\t\t\t\t\t\t<div class=\"elementor-spacer\">\n\t\t\t<div class=\"elementor-spacer-inner\"><\/div>\n\t\t<\/div>\n\t\t\t\t\t\t<\/div>\n\t\t\t\t<\/div>\n\t\t\t\t<div class=\"elementor-element elementor-element-2552a72 elementor-widget elementor-widget-text-editor\" data-id=\"2552a72\" data-element_type=\"widget\" data-e-type=\"widget\" data-widget_type=\"text-editor.default\">\n\t\t\t\t<div class=\"elementor-widget-container\">\n\t\t\t\t\t\t\t\t\t<h5>At\u00e9 breve.<br>A equipa Recubik<\/h5>\t\t\t\t\t\t\t\t<\/div>\n\t\t\t\t<\/div>\n\t\t\t\t<\/div>\n\t\t\t\t\t<\/div>\n\t\t\t\t<\/div>\n\t\t\t\t<\/div>\n\t\t\t\t<\/div>\n\t\t","protected":false},"excerpt":{"rendered":"<p>Obrigado pelo seu interesse na Recubik! Recebemos a sua solicita\u00e7\u00e3o com sucesso. Em breve, um dos nossos especialistas entrar\u00e1 em contacto consigo para lhe mostrar tudo o que a Recubik pode fazer pelo seu neg\u00f3cio. At\u00e9 breve.A equipa Recubik<\/p>\n","protected":false},"author":9,"featured_media":0,"parent":0,"menu_order":0,"comment_status":"closed","ping_status":"closed","template":"","meta":{"footnotes":""},"class_list":["post-107204","page","type-page","status-publish","hentry"],"yoast_head":"<!-- This site is optimized with the Yoast SEO Premium plugin v26.0 (Yoast SEO v27.4) - https:\/\/yoast.com\/product\/yoast-seo-premium-wordpress\/ -->\n<title>Agradecimento - Recubik<\/title>\n<meta name=\"robots\" content=\"index, follow, max-snippet:-1, max-image-preview:large, max-video-preview:-1\" \/>\n<link rel=\"canonical\" href=\"https:\/\/digitalsignageweb.com\/pt-pt\/agradecimento\/\" \/>\n<meta property=\"og:locale\" content=\"pt_PT\" \/>\n<meta property=\"og:type\" content=\"article\" \/>\n<meta property=\"og:title\" content=\"Agradecimento\" \/>\n<meta property=\"og:description\" content=\"Obrigado pelo seu interesse na Recubik! Recebemos a sua solicita\u00e7\u00e3o com sucesso. Em breve, um dos nossos especialistas entrar\u00e1 em contacto consigo para lhe mostrar tudo o que a Recubik pode fazer pelo seu neg\u00f3cio. At\u00e9 breve.A equipa Recubik\" \/>\n<meta property=\"og:url\" content=\"https:\/\/digitalsignageweb.com\/pt-pt\/agradecimento\/\" \/>\n<meta property=\"og:site_name\" content=\"Recubik\" \/>\n<meta property=\"article:modified_time\" content=\"2026-04-23T15:10:05+00:00\" \/>\n<meta name=\"twitter:card\" content=\"summary_large_image\" \/>\n<script type=\"application\/ld+json\" class=\"yoast-schema-graph\">{\"@context\":\"https:\\\/\\\/schema.org\",\"@graph\":[{\"@type\":\"WebPage\",\"@id\":\"https:\\\/\\\/digitalsignageweb.com\\\/pt-pt\\\/agradecimento\\\/\",\"url\":\"https:\\\/\\\/digitalsignageweb.com\\\/pt-pt\\\/agradecimento\\\/\",\"name\":\"Agradecimento - Recubik\",\"isPartOf\":{\"@id\":\"https:\\\/\\\/digitalsignageweb.com\\\/pt-pt\\\/#website\"},\"datePublished\":\"2026-03-18T15:59:33+00:00\",\"dateModified\":\"2026-04-23T15:10:05+00:00\",\"breadcrumb\":{\"@id\":\"https:\\\/\\\/digitalsignageweb.com\\\/pt-pt\\\/agradecimento\\\/#breadcrumb\"},\"inLanguage\":\"pt-PT\",\"potentialAction\":[{\"@type\":\"ReadAction\",\"target\":[\"https:\\\/\\\/digitalsignageweb.com\\\/pt-pt\\\/agradecimento\\\/\"]}]},{\"@type\":\"BreadcrumbList\",\"@id\":\"https:\\\/\\\/digitalsignageweb.com\\\/pt-pt\\\/agradecimento\\\/#breadcrumb\",\"itemListElement\":[{\"@type\":\"ListItem\",\"position\":1,\"name\":\"Portada\",\"item\":\"https:\\\/\\\/digitalsignageweb.com\\\/pt-pt\\\/\"},{\"@type\":\"ListItem\",\"position\":2,\"name\":\"Agradecimento\"}]},{\"@type\":\"WebSite\",\"@id\":\"https:\\\/\\\/digitalsignageweb.com\\\/pt-pt\\\/#website\",\"url\":\"https:\\\/\\\/digitalsignageweb.com\\\/pt-pt\\\/\",\"name\":\"Recubik\",\"description\":\"Pantallas de Carteler\u00eda digital o Digital Signage\",\"potentialAction\":[{\"@type\":\"SearchAction\",\"target\":{\"@type\":\"EntryPoint\",\"urlTemplate\":\"https:\\\/\\\/digitalsignageweb.com\\\/pt-pt\\\/?s={search_term_string}\"},\"query-input\":{\"@type\":\"PropertyValueSpecification\",\"valueRequired\":true,\"valueName\":\"search_term_string\"}}],\"inLanguage\":\"pt-PT\"}]}<\/script>\n<!-- \/ Yoast SEO Premium plugin. -->","yoast_head_json":{"title":"Agradecimento - Recubik","robots":{"index":"index","follow":"follow","max-snippet":"max-snippet:-1","max-image-preview":"max-image-preview:large","max-video-preview":"max-video-preview:-1"},"canonical":"https:\/\/digitalsignageweb.com\/pt-pt\/agradecimento\/","og_locale":"pt_PT","og_type":"article","og_title":"Agradecimento","og_description":"Obrigado pelo seu interesse na Recubik! Recebemos a sua solicita\u00e7\u00e3o com sucesso. Em breve, um dos nossos especialistas entrar\u00e1 em contacto consigo para lhe mostrar tudo o que a Recubik pode fazer pelo seu neg\u00f3cio. At\u00e9 breve.A equipa Recubik","og_url":"https:\/\/digitalsignageweb.com\/pt-pt\/agradecimento\/","og_site_name":"Recubik","article_modified_time":"2026-04-23T15:10:05+00:00","twitter_card":"summary_large_image","schema":{"@context":"https:\/\/schema.org","@graph":[{"@type":"WebPage","@id":"https:\/\/digitalsignageweb.com\/pt-pt\/agradecimento\/","url":"https:\/\/digitalsignageweb.com\/pt-pt\/agradecimento\/","name":"Agradecimento - Recubik","isPartOf":{"@id":"https:\/\/digitalsignageweb.com\/pt-pt\/#website"},"datePublished":"2026-03-18T15:59:33+00:00","dateModified":"2026-04-23T15:10:05+00:00","breadcrumb":{"@id":"https:\/\/digitalsignageweb.com\/pt-pt\/agradecimento\/#breadcrumb"},"inLanguage":"pt-PT","potentialAction":[{"@type":"ReadAction","target":["https:\/\/digitalsignageweb.com\/pt-pt\/agradecimento\/"]}]},{"@type":"BreadcrumbList","@id":"https:\/\/digitalsignageweb.com\/pt-pt\/agradecimento\/#breadcrumb","itemListElement":[{"@type":"ListItem","position":1,"name":"Portada","item":"https:\/\/digitalsignageweb.com\/pt-pt\/"},{"@type":"ListItem","position":2,"name":"Agradecimento"}]},{"@type":"WebSite","@id":"https:\/\/digitalsignageweb.com\/pt-pt\/#website","url":"https:\/\/digitalsignageweb.com\/pt-pt\/","name":"Recubik","description":"Pantallas de Carteler\u00eda digital o Digital Signage","potentialAction":[{"@type":"SearchAction","target":{"@type":"EntryPoint","urlTemplate":"https:\/\/digitalsignageweb.com\/pt-pt\/?s={search_term_string}"},"query-input":{"@type":"PropertyValueSpecification","valueRequired":true,"valueName":"search_term_string"}}],"inLanguage":"pt-PT"}]}},"_links":{"self":[{"href":"https:\/\/digitalsignageweb.com\/pt-pt\/wp-json\/wp\/v2\/pages\/107204","targetHints":{"allow":["GET"]}}],"collection":[{"href":"https:\/\/digitalsignageweb.com\/pt-pt\/wp-json\/wp\/v2\/pages"}],"about":[{"href":"https:\/\/digitalsignageweb.com\/pt-pt\/wp-json\/wp\/v2\/types\/page"}],"author":[{"embeddable":true,"href":"https:\/\/digitalsignageweb.com\/pt-pt\/wp-json\/wp\/v2\/users\/9"}],"replies":[{"embeddable":true,"href":"https:\/\/digitalsignageweb.com\/pt-pt\/wp-json\/wp\/v2\/comments?post=107204"}],"version-history":[{"count":3,"href":"https:\/\/digitalsignageweb.com\/pt-pt\/wp-json\/wp\/v2\/pages\/107204\/revisions"}],"predecessor-version":[{"id":107209,"href":"https:\/\/digitalsignageweb.com\/pt-pt\/wp-json\/wp\/v2\/pages\/107204\/revisions\/107209"}],"wp:attachment":[{"href":"https:\/\/digitalsignageweb.com\/pt-pt\/wp-json\/wp\/v2\/media?parent=107204"}],"curies":[{"name":"wp","href":"https:\/\/api.w.org\/{rel}","templated":true}]}}