{"id":107192,"date":"2026-03-18T16:59:33","date_gmt":"2026-03-18T15:59:33","guid":{"rendered":"https:\/\/digitalsignageweb.com\/agraiment\/"},"modified":"2026-04-23T17:12:16","modified_gmt":"2026-04-23T15:12:16","slug":"agraiment","status":"publish","type":"page","link":"https:\/\/digitalsignageweb.com\/ca\/agraiment\/","title":{"rendered":"Agra\u00efment"},"content":{"rendered":"\t\t<div data-elementor-type=\"wp-page\" data-elementor-id=\"107192\" class=\"elementor elementor-107192 elementor-106296\" data-elementor-post-type=\"page\">\n\t\t\t\t<div class=\"elementor-element elementor-element-3e0cfa1f e-flex e-con-boxed e-con e-parent\" data-id=\"3e0cfa1f\" data-element_type=\"container\" data-e-type=\"container\">\n\t\t\t\t\t<div class=\"e-con-inner\">\n\t\t\t\t<div class=\"elementor-element elementor-element-2b7a4ea4 elementor-widget elementor-widget-text-editor\" data-id=\"2b7a4ea4\" data-element_type=\"widget\" data-e-type=\"widget\" data-widget_type=\"text-editor.default\">\n\t\t\t\t<div class=\"elementor-widget-container\">\n\t\t\t\t\t\t\t\t\t\n<p> <\/p>\n\n<p> <\/p>\n\t\t\t\t\t\t\t\t<\/div>\n\t\t\t\t<\/div>\n\t\t\t\t\t<\/div>\n\t\t\t\t<\/div>\n\t\t<div class=\"elementor-element elementor-element-516f942 e-flex e-con-boxed e-con e-parent\" data-id=\"516f942\" data-element_type=\"container\" data-e-type=\"container\">\n\t\t\t\t\t<div class=\"e-con-inner\">\n\t\t\t\t<div class=\"elementor-element elementor-element-799e2f8 elementor-widget elementor-widget-spacer\" data-id=\"799e2f8\" data-element_type=\"widget\" data-e-type=\"widget\" data-widget_type=\"spacer.default\">\n\t\t\t\t<div class=\"elementor-widget-container\">\n\t\t\t\t\t\t\t<div class=\"elementor-spacer\">\n\t\t\t<div class=\"elementor-spacer-inner\"><\/div>\n\t\t<\/div>\n\t\t\t\t\t\t<\/div>\n\t\t\t\t<\/div>\n\t\t\t\t\t<\/div>\n\t\t\t\t<\/div>\n\t\t<div class=\"elementor-element elementor-element-27a1990 e-con-full e-flex e-con e-parent\" data-id=\"27a1990\" data-element_type=\"container\" data-e-type=\"container\" data-settings=\"{&quot;background_background&quot;:&quot;video&quot;,&quot;background_video_link&quot;:&quot;https:\\\/\\\/digitalsignageweb.com\\\/wp-content\\\/uploads\\\/2026\\\/03\\\/3129957-uhd_3840_2160_25fps.mp4&quot;,&quot;background_play_on_mobile&quot;:&quot;yes&quot;}\">\n\t\t<div class=\"elementor-background-video-container\">\n\t\t\t\t\t\t\t<video class=\"elementor-background-video-hosted\" role=\"presentation\" autoplay muted playsinline loop><\/video>\n\t\t\t\t\t<\/div><div class=\"elementor-element elementor-element-e3d9864 e-flex e-con-boxed e-con e-child\" data-id=\"e3d9864\" data-element_type=\"container\" data-e-type=\"container\">\n\t\t\t\t\t<div class=\"e-con-inner\">\n\t\t\t\t<div class=\"elementor-element elementor-element-e5d8277 elementor-widget elementor-widget-heading\" data-id=\"e5d8277\" data-element_type=\"widget\" data-e-type=\"widget\" data-widget_type=\"heading.default\">\n\t\t\t\t<div class=\"elementor-widget-container\">\n\t\t\t\t\t<h1 class=\"elementor-heading-title elementor-size-default\">\nGr\u00e0cies pel vostre inter\u00e8s en Recubik!<\/h1>\t\t\t\t<\/div>\n\t\t\t\t<\/div>\n\t\t\t\t<div class=\"elementor-element elementor-element-8b24d4d elementor-widget elementor-widget-heading\" data-id=\"8b24d4d\" data-element_type=\"widget\" data-e-type=\"widget\" data-widget_type=\"heading.default\">\n\t\t\t\t<div class=\"elementor-widget-container\">\n\t\t\t\t\t<h3 class=\"elementor-heading-title elementor-size-default\">Hem rebut la vostra sol\u00b7licitud correctament.<\/h3>\t\t\t\t<\/div>\n\t\t\t\t<\/div>\n\t\t\t\t<div class=\"elementor-element elementor-element-acd626a elementor-widget elementor-widget-spacer\" data-id=\"acd626a\" data-element_type=\"widget\" data-e-type=\"widget\" data-widget_type=\"spacer.default\">\n\t\t\t\t<div class=\"elementor-widget-container\">\n\t\t\t\t\t\t\t<div class=\"elementor-spacer\">\n\t\t\t<div class=\"elementor-spacer-inner\"><\/div>\n\t\t<\/div>\n\t\t\t\t\t\t<\/div>\n\t\t\t\t<\/div>\n\t\t<div class=\"elementor-element elementor-element-166b716 e-grid e-con-full e-con e-child\" data-id=\"166b716\" data-element_type=\"container\" data-e-type=\"container\">\n\t\t\t\t<div class=\"elementor-element elementor-element-244a29b elementor-widget elementor-widget-text-editor\" data-id=\"244a29b\" data-element_type=\"widget\" data-e-type=\"widget\" data-widget_type=\"text-editor.default\">\n\t\t\t\t<div class=\"elementor-widget-container\">\n\t\t\t\t\t\t\t\t\t<h4>En breu, un dels nostres especialistes es posar\u00e0 en contacte amb vosaltres per mostrar-vos tot el que Recubik pot fer pel vostre negoci.<\/h4>\t\t\t\t\t\t\t\t<\/div>\n\t\t\t\t<\/div>\n\t\t\t\t<div class=\"elementor-element elementor-element-18925c3 elementor-widget elementor-widget-spacer\" data-id=\"18925c3\" data-element_type=\"widget\" data-e-type=\"widget\" data-widget_type=\"spacer.default\">\n\t\t\t\t<div class=\"elementor-widget-container\">\n\t\t\t\t\t\t\t<div class=\"elementor-spacer\">\n\t\t\t<div class=\"elementor-spacer-inner\"><\/div>\n\t\t<\/div>\n\t\t\t\t\t\t<\/div>\n\t\t\t\t<\/div>\n\t\t\t\t<div class=\"elementor-element elementor-element-2552a72 elementor-widget elementor-widget-text-editor\" data-id=\"2552a72\" data-element_type=\"widget\" data-e-type=\"widget\" data-widget_type=\"text-editor.default\">\n\t\t\t\t<div class=\"elementor-widget-container\">\n\t\t\t\t\t\t\t\t\t<h5>Fins aviat.<br>L\u2019equip de Recubik<\/h5>\t\t\t\t\t\t\t\t<\/div>\n\t\t\t\t<\/div>\n\t\t\t\t<\/div>\n\t\t\t\t\t<\/div>\n\t\t\t\t<\/div>\n\t\t\t\t<\/div>\n\t\t\t\t<\/div>\n\t\t","protected":false},"excerpt":{"rendered":"<p>Gr\u00e0cies pel vostre inter\u00e8s en Recubik! Hem rebut la vostra sol\u00b7licitud correctament. En breu, un dels nostres especialistes es posar\u00e0 en contacte amb vosaltres per mostrar-vos tot el que Recubik pot fer pel vostre negoci. Fins aviat.L\u2019equip de Recubik<\/p>\n","protected":false},"author":9,"featured_media":0,"parent":0,"menu_order":0,"comment_status":"closed","ping_status":"closed","template":"","meta":{"footnotes":""},"class_list":["post-107192","page","type-page","status-publish","hentry"],"yoast_head":"<!-- This site is optimized with the Yoast SEO Premium plugin v26.0 (Yoast SEO v27.4) - https:\/\/yoast.com\/product\/yoast-seo-premium-wordpress\/ -->\n<title>Agra\u00efment - Recubik<\/title>\n<meta name=\"robots\" content=\"index, follow, max-snippet:-1, max-image-preview:large, max-video-preview:-1\" \/>\n<link rel=\"canonical\" href=\"https:\/\/digitalsignageweb.com\/ca\/agraiment\/\" \/>\n<meta property=\"og:locale\" content=\"ca_ES\" \/>\n<meta property=\"og:type\" content=\"article\" \/>\n<meta property=\"og:title\" content=\"Agra\u00efment\" \/>\n<meta property=\"og:description\" content=\"Gr\u00e0cies pel vostre inter\u00e8s en Recubik! Hem rebut la vostra sol\u00b7licitud correctament. En breu, un dels nostres especialistes es posar\u00e0 en contacte amb vosaltres per mostrar-vos tot el que Recubik pot fer pel vostre negoci. Fins aviat.L\u2019equip de Recubik\" \/>\n<meta property=\"og:url\" content=\"https:\/\/digitalsignageweb.com\/ca\/agraiment\/\" \/>\n<meta property=\"og:site_name\" content=\"Recubik\" \/>\n<meta property=\"article:modified_time\" content=\"2026-04-23T15:12:16+00:00\" \/>\n<meta name=\"twitter:card\" content=\"summary_large_image\" \/>\n<script type=\"application\/ld+json\" class=\"yoast-schema-graph\">{\"@context\":\"https:\\\/\\\/schema.org\",\"@graph\":[{\"@type\":\"WebPage\",\"@id\":\"https:\\\/\\\/digitalsignageweb.com\\\/ca\\\/agraiment\\\/\",\"url\":\"https:\\\/\\\/digitalsignageweb.com\\\/ca\\\/agraiment\\\/\",\"name\":\"Agra\u00efment - Recubik\",\"isPartOf\":{\"@id\":\"https:\\\/\\\/digitalsignageweb.com\\\/ca\\\/#website\"},\"datePublished\":\"2026-03-18T15:59:33+00:00\",\"dateModified\":\"2026-04-23T15:12:16+00:00\",\"breadcrumb\":{\"@id\":\"https:\\\/\\\/digitalsignageweb.com\\\/ca\\\/agraiment\\\/#breadcrumb\"},\"inLanguage\":\"ca\",\"potentialAction\":[{\"@type\":\"ReadAction\",\"target\":[\"https:\\\/\\\/digitalsignageweb.com\\\/ca\\\/agraiment\\\/\"]}]},{\"@type\":\"BreadcrumbList\",\"@id\":\"https:\\\/\\\/digitalsignageweb.com\\\/ca\\\/agraiment\\\/#breadcrumb\",\"itemListElement\":[{\"@type\":\"ListItem\",\"position\":1,\"name\":\"Portada\",\"item\":\"https:\\\/\\\/digitalsignageweb.com\\\/ca\\\/\"},{\"@type\":\"ListItem\",\"position\":2,\"name\":\"Agra\u00efment\"}]},{\"@type\":\"WebSite\",\"@id\":\"https:\\\/\\\/digitalsignageweb.com\\\/ca\\\/#website\",\"url\":\"https:\\\/\\\/digitalsignageweb.com\\\/ca\\\/\",\"name\":\"Recubik\",\"description\":\"Pantallas de Carteler\u00eda digital o Digital Signage\",\"potentialAction\":[{\"@type\":\"SearchAction\",\"target\":{\"@type\":\"EntryPoint\",\"urlTemplate\":\"https:\\\/\\\/digitalsignageweb.com\\\/ca\\\/?s={search_term_string}\"},\"query-input\":{\"@type\":\"PropertyValueSpecification\",\"valueRequired\":true,\"valueName\":\"search_term_string\"}}],\"inLanguage\":\"ca\"}]}<\/script>\n<!-- \/ Yoast SEO Premium plugin. -->","yoast_head_json":{"title":"Agra\u00efment - Recubik","robots":{"index":"index","follow":"follow","max-snippet":"max-snippet:-1","max-image-preview":"max-image-preview:large","max-video-preview":"max-video-preview:-1"},"canonical":"https:\/\/digitalsignageweb.com\/ca\/agraiment\/","og_locale":"ca_ES","og_type":"article","og_title":"Agra\u00efment","og_description":"Gr\u00e0cies pel vostre inter\u00e8s en Recubik! Hem rebut la vostra sol\u00b7licitud correctament. En breu, un dels nostres especialistes es posar\u00e0 en contacte amb vosaltres per mostrar-vos tot el que Recubik pot fer pel vostre negoci. Fins aviat.L\u2019equip de Recubik","og_url":"https:\/\/digitalsignageweb.com\/ca\/agraiment\/","og_site_name":"Recubik","article_modified_time":"2026-04-23T15:12:16+00:00","twitter_card":"summary_large_image","schema":{"@context":"https:\/\/schema.org","@graph":[{"@type":"WebPage","@id":"https:\/\/digitalsignageweb.com\/ca\/agraiment\/","url":"https:\/\/digitalsignageweb.com\/ca\/agraiment\/","name":"Agra\u00efment - Recubik","isPartOf":{"@id":"https:\/\/digitalsignageweb.com\/ca\/#website"},"datePublished":"2026-03-18T15:59:33+00:00","dateModified":"2026-04-23T15:12:16+00:00","breadcrumb":{"@id":"https:\/\/digitalsignageweb.com\/ca\/agraiment\/#breadcrumb"},"inLanguage":"ca","potentialAction":[{"@type":"ReadAction","target":["https:\/\/digitalsignageweb.com\/ca\/agraiment\/"]}]},{"@type":"BreadcrumbList","@id":"https:\/\/digitalsignageweb.com\/ca\/agraiment\/#breadcrumb","itemListElement":[{"@type":"ListItem","position":1,"name":"Portada","item":"https:\/\/digitalsignageweb.com\/ca\/"},{"@type":"ListItem","position":2,"name":"Agra\u00efment"}]},{"@type":"WebSite","@id":"https:\/\/digitalsignageweb.com\/ca\/#website","url":"https:\/\/digitalsignageweb.com\/ca\/","name":"Recubik","description":"Pantallas de Carteler\u00eda digital o Digital Signage","potentialAction":[{"@type":"SearchAction","target":{"@type":"EntryPoint","urlTemplate":"https:\/\/digitalsignageweb.com\/ca\/?s={search_term_string}"},"query-input":{"@type":"PropertyValueSpecification","valueRequired":true,"valueName":"search_term_string"}}],"inLanguage":"ca"}]}},"_links":{"self":[{"href":"https:\/\/digitalsignageweb.com\/ca\/wp-json\/wp\/v2\/pages\/107192","targetHints":{"allow":["GET"]}}],"collection":[{"href":"https:\/\/digitalsignageweb.com\/ca\/wp-json\/wp\/v2\/pages"}],"about":[{"href":"https:\/\/digitalsignageweb.com\/ca\/wp-json\/wp\/v2\/types\/page"}],"author":[{"embeddable":true,"href":"https:\/\/digitalsignageweb.com\/ca\/wp-json\/wp\/v2\/users\/9"}],"replies":[{"embeddable":true,"href":"https:\/\/digitalsignageweb.com\/ca\/wp-json\/wp\/v2\/comments?post=107192"}],"version-history":[{"count":7,"href":"https:\/\/digitalsignageweb.com\/ca\/wp-json\/wp\/v2\/pages\/107192\/revisions"}],"predecessor-version":[{"id":107213,"href":"https:\/\/digitalsignageweb.com\/ca\/wp-json\/wp\/v2\/pages\/107192\/revisions\/107213"}],"wp:attachment":[{"href":"https:\/\/digitalsignageweb.com\/ca\/wp-json\/wp\/v2\/media?parent=107192"}],"curies":[{"name":"wp","href":"https:\/\/api.w.org\/{rel}","templated":true}]}}